{"id":3742,"date":"2018-12-17T17:08:43","date_gmt":"2018-12-17T16:08:43","guid":{"rendered":"http:\/\/www.tendacayou.com\/reservation\/?page_id=3742"},"modified":"2025-07-09T16:58:20","modified_gmt":"2025-07-09T14:58:20","slug":"reservez-votre-sejour","status":"publish","type":"page","link":"https:\/\/www.tendacayou.com\/reservation\/","title":{"rendered":"R\u00e9servez votre s\u00e9jour"},"content":{"rendered":"<p>[vc_row][vc_column][vc_row_inner][vc_column_inner][vc_column_text][\/vc_column_text][\/vc_column_inner][\/vc_row_inner][vc_column_text]<\/p>\n<h1><\/h1>\n<h1><\/h1>\n<h1>Simulez votre s\u00e9jour<\/h1>\n<div>\n<div><span style=\"color: #800000; font-size: 12pt;\"><strong>Attention les r\u00e9sultats de simulation de r\u00e9servation ne prennent pas en compte :<\/strong><\/span><\/div>\n<div><span style=\"color: #800000;\">&#8211; La disponibilit\u00e9 des habitations aux dates s\u00e9lectionn\u00e9es.<\/span><\/div>\n<div><span style=\"color: #800000;\"><span style=\"color: #800000;\"><span style=\"color: #800000;\"><span style=\"color: #800000;\">&#8211; L\u2019accessibilit\u00e9 aux enfants \u00e0 certaines de nos habitations (consultez les fiches habitations pour plus d&rsquo;informations).<br \/>\nElles seront v\u00e9rifi\u00e9es par notre \u00e9quipe \u00e0 r\u00e9ception de votre simulation<br \/>\n<strong>Ne sont pas pris en compte dans cette simulation :<\/strong><br \/>\n&#8211; Les offres \u00e9ph\u00e9m\u00e8res<\/span><\/span><\/span><\/span><br \/>\n<span style=\"font-size: 10pt;\">Conditions Enfants : gratuits de 0 \u00e0 2 ans \/ 32\u20ac de suppl\u00e9ment jusqu&rsquo;\u00e0 12ans.<\/span><\/div>\n<\/div>\n<div><\/div>\n<div><\/div>\n<div><\/div>\n<h2 style=\"text-align: center;\"><\/h2>\n<p>[\/vc_column_text][vc_column_text]<em> <\/em>[\/vc_column_text][\/vc_column][\/vc_row]<\/p>\n","protected":false},"excerpt":{"rendered":"<p>[vc_row][vc_column][vc_row_inner][vc_column_inner][vc_column_text][\/vc_column_text][\/vc_column_inner][\/vc_row_inner][vc_column_text] Simulez votre s\u00e9jour Attention les r\u00e9sultats de simulation de r\u00e9servation ne prennent pas en compte : &#8211; La disponibilit\u00e9 des habitations aux dates s\u00e9lectionn\u00e9es. &#8211; L\u2019accessibilit\u00e9 aux enfants \u00e0 certaines de nos habitations (consultez les fiches habitations pour plus d&rsquo;informations). Elles seront v\u00e9rifi\u00e9es par notre \u00e9quipe \u00e0 r\u00e9ception de&#8230;<\/p>\n","protected":false},"author":1,"featured_media":0,"parent":0,"menu_order":0,"comment_status":"closed","ping_status":"closed","template":"templates\/home-page.php","meta":{"footnotes":""},"class_list":["post-3742","page","type-page","status-publish","hentry"],"_links":{"self":[{"href":"https:\/\/www.tendacayou.com\/reservation\/wp-json\/wp\/v2\/pages\/3742","targetHints":{"allow":["GET"]}}],"collection":[{"href":"https:\/\/www.tendacayou.com\/reservation\/wp-json\/wp\/v2\/pages"}],"about":[{"href":"https:\/\/www.tendacayou.com\/reservation\/wp-json\/wp\/v2\/types\/page"}],"author":[{"embeddable":true,"href":"https:\/\/www.tendacayou.com\/reservation\/wp-json\/wp\/v2\/users\/1"}],"replies":[{"embeddable":true,"href":"https:\/\/www.tendacayou.com\/reservation\/wp-json\/wp\/v2\/comments?post=3742"}],"version-history":[{"count":27,"href":"https:\/\/www.tendacayou.com\/reservation\/wp-json\/wp\/v2\/pages\/3742\/revisions"}],"predecessor-version":[{"id":3926,"href":"https:\/\/www.tendacayou.com\/reservation\/wp-json\/wp\/v2\/pages\/3742\/revisions\/3926"}],"wp:attachment":[{"href":"https:\/\/www.tendacayou.com\/reservation\/wp-json\/wp\/v2\/media?parent=3742"}],"curies":[{"name":"wp","href":"https:\/\/api.w.org\/{rel}","templated":true}]}}